{"id":307,"date":"2017-10-26T16:14:56","date_gmt":"2017-10-26T14:14:56","guid":{"rendered":"http:\/\/check.dnb-netz.de\/?page_id=307"},"modified":"2017-11-22T13:02:12","modified_gmt":"2017-11-22T12:02:12","slug":"kompletter-check","status":"publish","type":"page","link":"https:\/\/dnb-netz.de\/check-bueroarbeit\/kompletter-check\/","title":{"rendered":"Kompletter Check"},"content":{"rendered":"<p>Sie k\u00f6nnen die Bausteine nacheinander bearbeiten oder die Reihenfolge selbst bestimmen. Bearbeitungsdauer der Bausteine ca. 60 Minuten. Jederzeit haben Sie die M\u00f6glichkeit, Ihre Ma\u00dfnahmen festzulegen und Ihre Ergebnisse einzusehen.<\/p>\n<p>Wenn Sie einzelne Punkte oder Bausteine \u00fcberspringen, best\u00e4tigen Sie zuerst Ihre letzte Eingabe durch Klick auf WEITER oder ZUR\u00dcCK.<\/p>\n<div style=\"display:flex; flex-wrap: wrap;\">\n<div class=\"box-shadow bausteinbox\">\n<div class=\"inqa-box baustein\" onclick=\"location.href='https:\/\/dnb-netz.de\/check-bueroarbeit\/arbeitskultur';\">\n\t\t\t<img decoding=\"async\" src=\"https:\/\/dnb-netz.de\/check-bueroarbeit\/wp-content\/uploads\/2017\/10\/arbeitskultur_kl.png\"><\/p>\n<p>\t\t\t\t\t1. Arbeitskultur<\/p><\/div>\n<\/div>\n<div class=\"box-shadow bausteinbox\">\n<div class=\"inqa-box baustein\" onclick=\"location.href='https:\/\/dnb-netz.de\/check-bueroarbeit\/potenziale';\">\n\t\t\t<img decoding=\"async\" src=\"https:\/\/dnb-netz.de\/check-bueroarbeit\/wp-content\/uploads\/2017\/10\/potenziale_kl.png\"><\/p>\n<p>\t\t\t2. Potenziale<\/p><\/div>\n<\/div>\n<div class=\"box-shadow bausteinbox\">\n<div class=\"inqa-box baustein\" onclick=\"location.href='https:\/\/dnb-netz.de\/check-bueroarbeit\/wissensbasis';\">\n\t\t\t<img decoding=\"async\" src=\"https:\/\/dnb-netz.de\/check-bueroarbeit\/wp-content\/uploads\/2017\/10\/wissensbasis_kl.png\"><\/p>\n<p>\t\t\t3. Wissensbasis<\/p><\/div>\n<\/div>\n<\/div>\n<div style=\"margin: 0; padding: 0;display:flex; flex-wrap: wrap;\">\n<div class=\"box-shadow bausteinbox\">\n<div class=\"inqa-box baustein\" onclick=\"location.href='https:\/\/dnb-netz.de\/check-bueroarbeit\/informationstechnologien';\">\n\t\t\t<img decoding=\"async\" src=\"https:\/\/dnb-netz.de\/check-bueroarbeit\/wp-content\/uploads\/2017\/10\/informationstechnologien_kl.png\"><\/p>\n<p>\t\t\t4. Informationstechnologien<\/p><\/div>\n<\/div>\n<div class=\"box-shadow bausteinbox\">\n<div class=\"inqa-box baustein\" onclick=\"location.href='https:\/\/dnb-netz.de\/check-bueroarbeit\/buero-4-0';\">\n\t\t\t<img decoding=\"async\" src=\"https:\/\/dnb-netz.de\/check-bueroarbeit\/wp-content\/uploads\/2017\/10\/buero_4-0_kl.png\"><\/p>\n<p>\t\t\t5. B\u00fcro 4.0<\/p><\/div>\n<\/div>\n<div class=\"box-shadow bausteinbox\">\n<div class=\"inqa-box baustein\" onclick=\"location.href='https:\/\/dnb-netz.de\/check-bueroarbeit\/prozesse';\">\n\t\t\t<img decoding=\"async\" src=\"https:\/\/dnb-netz.de\/check-bueroarbeit\/wp-content\/uploads\/2017\/10\/prozesse_kl.png\"><\/p>\n<p>\t\t\t6. Prozesse<\/p><\/div>\n<\/div>\n<\/div>\n","protected":false},"excerpt":{"rendered":"<p>Sie k\u00f6nnen die Bausteine nacheinander bearbeiten oder die Reihenfolge selbst bestimmen. Bearbeitungsdauer der Bausteine ca. 60 Minuten. Jederzeit haben Sie die M\u00f6glichkeit, Ihre Ma\u00dfnahmen festzulegen und Ihre Ergebnisse einzusehen. Wenn Sie einzelne Punkte oder Bausteine \u00fcberspringen, best\u00e4tigen Sie zuerst Ihre letzte Eingabe durch Klick auf WEITER oder ZUR\u00dcCK. 1. Arbeitskultur 2. Potenziale 3. Wissensbasis 4. &hellip; <a href=\"https:\/\/dnb-netz.de\/check-bueroarbeit\/kompletter-check\/\" class=\"more-link\"><span class=\"screen-reader-text\">&#8222;Kompletter Check&#8220; <\/span>weiterlesen<\/a><\/p>\n","protected":false},"author":1,"featured_media":0,"parent":0,"menu_order":0,"comment_status":"closed","ping_status":"closed","template":"","meta":{"footnotes":""},"tags":[],"class_list":["post-307","page","type-page","status-publish","hentry"],"yoast_head":"<!-- This site is optimized with the Yoast SEO plugin v26.6 - https:\/\/yoast.com\/wordpress\/plugins\/seo\/ -->\n<title>Kompletter Check - Check \u201eGute B\u00fcroarbeit\u201c<\/title>\n<meta name=\"robots\" content=\"index, follow, max-snippet:-1, max-image-preview:large, max-video-preview:-1\" \/>\n<link rel=\"canonical\" href=\"https:\/\/dnb-netz.de\/check-bueroarbeit\/kompletter-check\/\" \/>\n<meta property=\"og:locale\" content=\"de_DE\" \/>\n<meta property=\"og:type\" content=\"article\" \/>\n<meta property=\"og:title\" content=\"Kompletter Check - Check \u201eGute B\u00fcroarbeit\u201c\" \/>\n<meta property=\"og:description\" content=\"Sie k\u00f6nnen die Bausteine nacheinander bearbeiten oder die Reihenfolge selbst bestimmen. Bearbeitungsdauer der Bausteine ca. 60 Minuten. Jederzeit haben Sie die M\u00f6glichkeit, Ihre Ma\u00dfnahmen festzulegen und Ihre Ergebnisse einzusehen. Wenn Sie einzelne Punkte oder Bausteine \u00fcberspringen, best\u00e4tigen Sie zuerst Ihre letzte Eingabe durch Klick auf WEITER oder ZUR\u00dcCK. 1. Arbeitskultur 2. Potenziale 3. Wissensbasis 4. &hellip; &#8222;Kompletter Check&#8220; weiterlesen\" \/>\n<meta property=\"og:url\" content=\"https:\/\/dnb-netz.de\/check-bueroarbeit\/kompletter-check\/\" \/>\n<meta property=\"og:site_name\" content=\"Check \u201eGute B\u00fcroarbeit\u201c\" \/>\n<meta property=\"article:modified_time\" content=\"2017-11-22T12:02:12+00:00\" \/>\n<meta name=\"twitter:card\" content=\"summary_large_image\" \/>\n<script type=\"application\/ld+json\" class=\"yoast-schema-graph\">{\"@context\":\"https:\/\/schema.org\",\"@graph\":[{\"@type\":\"WebPage\",\"@id\":\"https:\/\/dnb-netz.de\/check-bueroarbeit\/kompletter-check\/\",\"url\":\"https:\/\/dnb-netz.de\/check-bueroarbeit\/kompletter-check\/\",\"name\":\"Kompletter Check - Check \u201eGute B\u00fcroarbeit\u201c\",\"isPartOf\":{\"@id\":\"https:\/\/dnb-netz.de\/check-bueroarbeit\/#website\"},\"datePublished\":\"2017-10-26T14:14:56+00:00\",\"dateModified\":\"2017-11-22T12:02:12+00:00\",\"breadcrumb\":{\"@id\":\"https:\/\/dnb-netz.de\/check-bueroarbeit\/kompletter-check\/#breadcrumb\"},\"inLanguage\":\"de\",\"potentialAction\":[{\"@type\":\"ReadAction\",\"target\":[\"https:\/\/dnb-netz.de\/check-bueroarbeit\/kompletter-check\/\"]}]},{\"@type\":\"BreadcrumbList\",\"@id\":\"https:\/\/dnb-netz.de\/check-bueroarbeit\/kompletter-check\/#breadcrumb\",\"itemListElement\":[{\"@type\":\"ListItem\",\"position\":1,\"name\":\"Startseite\",\"item\":\"https:\/\/dnb-netz.de\/check-bueroarbeit\/\"},{\"@type\":\"ListItem\",\"position\":2,\"name\":\"Kompletter Check\"}]},{\"@type\":\"WebSite\",\"@id\":\"https:\/\/dnb-netz.de\/check-bueroarbeit\/#website\",\"url\":\"https:\/\/dnb-netz.de\/check-bueroarbeit\/\",\"name\":\"Check \u201eGute B\u00fcroarbeit\u201c\",\"description\":\"Gesundheit \u2013 Leistungsf\u00e4higkeit \u2013 Wirtschaftlichkeit im B\u00fcro 4.0\",\"publisher\":{\"@id\":\"https:\/\/dnb-netz.de\/check-bueroarbeit\/#organization\"},\"potentialAction\":[{\"@type\":\"SearchAction\",\"target\":{\"@type\":\"EntryPoint\",\"urlTemplate\":\"https:\/\/dnb-netz.de\/check-bueroarbeit\/?s={search_term_string}\"},\"query-input\":{\"@type\":\"PropertyValueSpecification\",\"valueRequired\":true,\"valueName\":\"search_term_string\"}}],\"inLanguage\":\"de\"},{\"@type\":\"Organization\",\"@id\":\"https:\/\/dnb-netz.de\/check-bueroarbeit\/#organization\",\"name\":\"Deutsches Netzwerk B\u00fcro e. V.\",\"url\":\"https:\/\/dnb-netz.de\/check-bueroarbeit\/\",\"logo\":{\"@type\":\"ImageObject\",\"inLanguage\":\"de\",\"@id\":\"https:\/\/dnb-netz.de\/check-bueroarbeit\/#\/schema\/logo\/image\/\",\"url\":\"https:\/\/dnb-netz.de\/check-bueroarbeit\/wp-content\/uploads\/2017\/11\/DNB2.png\",\"contentUrl\":\"https:\/\/dnb-netz.de\/check-bueroarbeit\/wp-content\/uploads\/2017\/11\/DNB2.png\",\"width\":285,\"height\":51,\"caption\":\"Deutsches Netzwerk B\u00fcro e. V.\"},\"image\":{\"@id\":\"https:\/\/dnb-netz.de\/check-bueroarbeit\/#\/schema\/logo\/image\/\"}}]}<\/script>\n<!-- \/ Yoast SEO plugin. -->","yoast_head_json":{"title":"Kompletter Check - Check \u201eGute B\u00fcroarbeit\u201c","robots":{"index":"index","follow":"follow","max-snippet":"max-snippet:-1","max-image-preview":"max-image-preview:large","max-video-preview":"max-video-preview:-1"},"canonical":"https:\/\/dnb-netz.de\/check-bueroarbeit\/kompletter-check\/","og_locale":"de_DE","og_type":"article","og_title":"Kompletter Check - Check \u201eGute B\u00fcroarbeit\u201c","og_description":"Sie k\u00f6nnen die Bausteine nacheinander bearbeiten oder die Reihenfolge selbst bestimmen. Bearbeitungsdauer der Bausteine ca. 60 Minuten. Jederzeit haben Sie die M\u00f6glichkeit, Ihre Ma\u00dfnahmen festzulegen und Ihre Ergebnisse einzusehen. Wenn Sie einzelne Punkte oder Bausteine \u00fcberspringen, best\u00e4tigen Sie zuerst Ihre letzte Eingabe durch Klick auf WEITER oder ZUR\u00dcCK. 1. Arbeitskultur 2. Potenziale 3. Wissensbasis 4. &hellip; &#8222;Kompletter Check&#8220; weiterlesen","og_url":"https:\/\/dnb-netz.de\/check-bueroarbeit\/kompletter-check\/","og_site_name":"Check \u201eGute B\u00fcroarbeit\u201c","article_modified_time":"2017-11-22T12:02:12+00:00","twitter_card":"summary_large_image","schema":{"@context":"https:\/\/schema.org","@graph":[{"@type":"WebPage","@id":"https:\/\/dnb-netz.de\/check-bueroarbeit\/kompletter-check\/","url":"https:\/\/dnb-netz.de\/check-bueroarbeit\/kompletter-check\/","name":"Kompletter Check - Check \u201eGute B\u00fcroarbeit\u201c","isPartOf":{"@id":"https:\/\/dnb-netz.de\/check-bueroarbeit\/#website"},"datePublished":"2017-10-26T14:14:56+00:00","dateModified":"2017-11-22T12:02:12+00:00","breadcrumb":{"@id":"https:\/\/dnb-netz.de\/check-bueroarbeit\/kompletter-check\/#breadcrumb"},"inLanguage":"de","potentialAction":[{"@type":"ReadAction","target":["https:\/\/dnb-netz.de\/check-bueroarbeit\/kompletter-check\/"]}]},{"@type":"BreadcrumbList","@id":"https:\/\/dnb-netz.de\/check-bueroarbeit\/kompletter-check\/#breadcrumb","itemListElement":[{"@type":"ListItem","position":1,"name":"Startseite","item":"https:\/\/dnb-netz.de\/check-bueroarbeit\/"},{"@type":"ListItem","position":2,"name":"Kompletter Check"}]},{"@type":"WebSite","@id":"https:\/\/dnb-netz.de\/check-bueroarbeit\/#website","url":"https:\/\/dnb-netz.de\/check-bueroarbeit\/","name":"Check \u201eGute B\u00fcroarbeit\u201c","description":"Gesundheit \u2013 Leistungsf\u00e4higkeit \u2013 Wirtschaftlichkeit im B\u00fcro 4.0","publisher":{"@id":"https:\/\/dnb-netz.de\/check-bueroarbeit\/#organization"},"potentialAction":[{"@type":"SearchAction","target":{"@type":"EntryPoint","urlTemplate":"https:\/\/dnb-netz.de\/check-bueroarbeit\/?s={search_term_string}"},"query-input":{"@type":"PropertyValueSpecification","valueRequired":true,"valueName":"search_term_string"}}],"inLanguage":"de"},{"@type":"Organization","@id":"https:\/\/dnb-netz.de\/check-bueroarbeit\/#organization","name":"Deutsches Netzwerk B\u00fcro e. V.","url":"https:\/\/dnb-netz.de\/check-bueroarbeit\/","logo":{"@type":"ImageObject","inLanguage":"de","@id":"https:\/\/dnb-netz.de\/check-bueroarbeit\/#\/schema\/logo\/image\/","url":"https:\/\/dnb-netz.de\/check-bueroarbeit\/wp-content\/uploads\/2017\/11\/DNB2.png","contentUrl":"https:\/\/dnb-netz.de\/check-bueroarbeit\/wp-content\/uploads\/2017\/11\/DNB2.png","width":285,"height":51,"caption":"Deutsches Netzwerk B\u00fcro e. V."},"image":{"@id":"https:\/\/dnb-netz.de\/check-bueroarbeit\/#\/schema\/logo\/image\/"}}]}},"_links":{"self":[{"href":"https:\/\/dnb-netz.de\/check-bueroarbeit\/wp-json\/wp\/v2\/pages\/307","targetHints":{"allow":["GET"]}}],"collection":[{"href":"https:\/\/dnb-netz.de\/check-bueroarbeit\/wp-json\/wp\/v2\/pages"}],"about":[{"href":"https:\/\/dnb-netz.de\/check-bueroarbeit\/wp-json\/wp\/v2\/types\/page"}],"author":[{"embeddable":true,"href":"https:\/\/dnb-netz.de\/check-bueroarbeit\/wp-json\/wp\/v2\/users\/1"}],"replies":[{"embeddable":true,"href":"https:\/\/dnb-netz.de\/check-bueroarbeit\/wp-json\/wp\/v2\/comments?post=307"}],"version-history":[{"count":23,"href":"https:\/\/dnb-netz.de\/check-bueroarbeit\/wp-json\/wp\/v2\/pages\/307\/revisions"}],"predecessor-version":[{"id":1751,"href":"https:\/\/dnb-netz.de\/check-bueroarbeit\/wp-json\/wp\/v2\/pages\/307\/revisions\/1751"}],"wp:attachment":[{"href":"https:\/\/dnb-netz.de\/check-bueroarbeit\/wp-json\/wp\/v2\/media?parent=307"}],"wp:term":[{"taxonomy":"post_tag","embeddable":true,"href":"https:\/\/dnb-netz.de\/check-bueroarbeit\/wp-json\/wp\/v2\/tags?post=307"}],"curies":[{"name":"wp","href":"https:\/\/api.w.org\/{rel}","templated":true}]}}