{"id":2,"date":"2017-10-20T10:15:33","date_gmt":"2017-10-20T08:15:33","guid":{"rendered":"http:\/\/check.dnb-netz.de\/?page_id=2"},"modified":"2025-03-24T16:11:00","modified_gmt":"2025-03-24T15:11:00","slug":"home","status":"publish","type":"page","link":"https:\/\/dnb-netz.de\/check-bueroarbeit\/","title":{"rendered":"Herzlich willkommen zum Check \u201eGute B\u00fcroarbeit\u201c des Deutschen Netzwerk B\u00fcro e.V."},"content":{"rendered":"<p>Der Check \u201eGute B\u00fcroarbeit\u201c ist ein Selbstcheck, bei dem entsprechend der Beantwortung von Fragestellungen aus sechs unterschiedlichen Handlungsfeldern Ma\u00dfnahmen abgeleitet, priorisiert und abgearbeitet werden k\u00f6nnen. Der Check richtet sich an Sicherheitsverantwortliche, Betriebs- bzw. Personalr\u00e4te, HR-Verantwortliche, Gesch\u00e4ftsf\u00fchrer oder externe Berater.<\/p>\n<p>Der Check konzentriert sich auf das zentrale Thema der B\u00fcroarbeit: Wie k\u00f6nnen die Gesundheit und die Produktivit\u00e4t des arbeitenden Menschen im B\u00fcro gef\u00f6rdert werden?<\/p>\n<p>Die sechs Handlungsfelder lauten:<\/p>\n<ul>\n<li>Arbeitskultur<\/li>\n<li>Potenziale<\/li>\n<li>Wissensbasis<\/li>\n<li>Informationstechnologien<\/li>\n<li>B\u00fcro 4.0<\/li>\n<li>Prozesse<\/li>\n<\/ul>\n<p><strong>So k\u00f6nnen Sie mit dem Check arbeiten:<\/strong><br \/>\nSie k\u00f6nnen sich entweder einzelne der sechs Handlungsfelder vornehmen (Dauer jeweils etwa 15 Minuten) oder den Check komplett durcharbeiten (Dauer etwa 60 bis 90 Minuten).<\/p>\n<p>\u00dcber ein Ampelsystem (Gr\u00fcn = kein Handlungsbedarf, Gelb = muss ich angehen, Rot = dringend und wichtig) legen Sie den jeweiligen Handlungsbedarf zu den einzelnen Checkpunkten fest und k\u00f6nnen diesen ggfs. priorisieren, terminieren und mit einem Verantwortlichen versehen.<\/p>\n<p>Diese Angaben werden in die Ergebniszusammenfassung \u00fcbernommen, die Sie nach der Bearbeitung herunterladen k\u00f6nnen. Daraus k\u00f6nnen Sie einen Ma\u00dfnahmenplan erstellen und strukturiert abarbeiten.<\/p>\n<p>Bei zahlreichen Checkpunkten finden Sie Verweise und Links auf Regeln und Empfehlungen sowie auf Beispiele\/Tipps aus der und f\u00fcr die Praxis.<\/p>\n<p>Viel Spa\u00df bei der Bearbeitung des Checks!<\/p>\n<div class=\"box-shadow\" style=\"float: left; width: 400px; max-width: 100%; margin-bottom: 30px;\">\n<div class=\"inqa-box\">\n<p>Wenig Zeit \u2013 in 15 Minuten Ihr brennendes Thema bearbeiten<\/p>\n<p><a style=\"text-decoration: none;\" href=\"https:\/\/dnb-netz.de\/check-bueroarbeit\/quick-check\"><span class=\"knopf\"><img decoding=\"async\" style=\"display: inline;\" src=\"https:\/\/dnb-netz.de\/check-bueroarbeit\/wp-content\/uploads\/2017\/10\/pfeil_ws.gif\" alt=\"\" \/> QUICK-CHECK<\/span><\/a><\/p>\n<\/div>\n<\/div>\n<div style=\"clear: both;\"><\/div>\n<div class=\"box-shadow\" style=\"float: left; width: 400px; max-width: 100%; margin-bottom: 30px;\">\n<div class=\"inqa-box\">\n<p>Wo stehen Sie? Die systematische Potenzialanalyse<\/p>\n<p><a style=\"text-decoration: none;\" href=\"https:\/\/dnb-netz.de\/check-bueroarbeit\/kompletter-check\"><span class=\"knopf\"><img decoding=\"async\" style=\"display: inline;\" src=\"https:\/\/dnb-netz.de\/check-bueroarbeit\/wp-content\/uploads\/2017\/10\/pfeil_ws.gif\" alt=\"\" \/> KOMPLETTER CHECK<\/span><\/a><\/p>\n<\/div>\n<\/div>\n<div style=\"clear: both;\"><\/div>\n<h2>WEITERE ANGEBOTE<\/h2>\n<p><img loading=\"lazy\" decoding=\"async\" src=\"https:\/\/dnb-netz.de\/check-bueroarbeit\/wp-content\/uploads\/2017\/11\/icon_document.gif\" alt=\"\" width=\"20\" height=\"23\" \/> CHECK \u201eGUTE B\u00dcROARBEIT\u201c<br \/>\n<a class=\"download\" href=\"https:\/\/dnb-netz.de\/bestellung-check-gute-bueroarbeit\/\" target=\"_blank\" rel=\"noopener noreferrer\">BESTELLEN [PDF, 794 KB]<\/a><\/p>\n<p><img loading=\"lazy\" decoding=\"async\" src=\"https:\/\/dnb-netz.de\/check-bueroarbeit\/wp-content\/uploads\/2017\/11\/icon_document.gif\" alt=\"\" width=\"20\" height=\"23\" \/> <a class=\"sprung\" href=\"http:\/\/dnb-netz.de\/informationen\/publikationen\/\" target=\"_blank\" rel=\"noopener noreferrer\">PUBLIKATIONEN ZUR B\u00dcROARBEIT<\/a><\/p>\n","protected":false},"excerpt":{"rendered":"<p>Der Check \u201eGute B\u00fcroarbeit\u201c ist ein Selbstcheck, bei dem entsprechend der Beantwortung von Fragestellungen aus sechs unterschiedlichen Handlungsfeldern Ma\u00dfnahmen abgeleitet, priorisiert und abgearbeitet werden k\u00f6nnen. Der Check richtet sich an Sicherheitsverantwortliche, Betriebs- bzw. Personalr\u00e4te, HR-Verantwortliche, Gesch\u00e4ftsf\u00fchrer oder externe Berater. Der Check konzentriert sich auf das zentrale Thema der B\u00fcroarbeit: Wie k\u00f6nnen die Gesundheit und die &hellip; <a href=\"https:\/\/dnb-netz.de\/check-bueroarbeit\/\" class=\"more-link\"><span class=\"screen-reader-text\">&#8222;Herzlich willkommen zum Check \u201eGute B\u00fcroarbeit\u201c des Deutschen Netzwerk B\u00fcro e.V.&#8220; <\/span>weiterlesen<\/a><\/p>\n","protected":false},"author":1,"featured_media":0,"parent":0,"menu_order":0,"comment_status":"closed","ping_status":"open","template":"","meta":{"footnotes":""},"tags":[],"class_list":["post-2","page","type-page","status-publish","hentry"],"yoast_head":"<!-- This site is optimized with the Yoast SEO plugin v26.6 - https:\/\/yoast.com\/wordpress\/plugins\/seo\/ -->\n<title>Herzlich willkommen zum Check \u201eGute B\u00fcroarbeit\u201c des Deutschen Netzwerk B\u00fcro e.V. - Check \u201eGute B\u00fcroarbeit\u201c<\/title>\n<meta name=\"robots\" content=\"index, follow, max-snippet:-1, max-image-preview:large, max-video-preview:-1\" \/>\n<link rel=\"canonical\" href=\"https:\/\/dnb-netz.de\/check-bueroarbeit\/\" \/>\n<meta property=\"og:locale\" content=\"de_DE\" \/>\n<meta property=\"og:type\" content=\"article\" \/>\n<meta property=\"og:title\" content=\"Herzlich willkommen zum Check \u201eGute B\u00fcroarbeit\u201c des Deutschen Netzwerk B\u00fcro e.V. - Check \u201eGute B\u00fcroarbeit\u201c\" \/>\n<meta property=\"og:description\" content=\"Der Check \u201eGute B\u00fcroarbeit\u201c ist ein Selbstcheck, bei dem entsprechend der Beantwortung von Fragestellungen aus sechs unterschiedlichen Handlungsfeldern Ma\u00dfnahmen abgeleitet, priorisiert und abgearbeitet werden k\u00f6nnen. Der Check richtet sich an Sicherheitsverantwortliche, Betriebs- bzw. Personalr\u00e4te, HR-Verantwortliche, Gesch\u00e4ftsf\u00fchrer oder externe Berater. Der Check konzentriert sich auf das zentrale Thema der B\u00fcroarbeit: Wie k\u00f6nnen die Gesundheit und die &hellip; &#8222;Herzlich willkommen zum Check \u201eGute B\u00fcroarbeit\u201c des Deutschen Netzwerk B\u00fcro e.V.&#8220; weiterlesen\" \/>\n<meta property=\"og:url\" content=\"https:\/\/dnb-netz.de\/check-bueroarbeit\/\" \/>\n<meta property=\"og:site_name\" content=\"Check \u201eGute B\u00fcroarbeit\u201c\" \/>\n<meta property=\"article:modified_time\" content=\"2025-03-24T15:11:00+00:00\" \/>\n<meta property=\"og:image\" content=\"https:\/\/dnb-netz.de\/check-bueroarbeit\/wp-content\/uploads\/2017\/10\/pfeil_ws.gif\" \/>\n<meta name=\"twitter:card\" content=\"summary_large_image\" \/>\n<meta name=\"twitter:label1\" content=\"Gesch\u00e4tzte Lesezeit\" \/>\n\t<meta name=\"twitter:data1\" content=\"3\u00a0Minuten\" \/>\n<script type=\"application\/ld+json\" class=\"yoast-schema-graph\">{\"@context\":\"https:\/\/schema.org\",\"@graph\":[{\"@type\":\"WebPage\",\"@id\":\"https:\/\/dnb-netz.de\/check-bueroarbeit\/\",\"url\":\"https:\/\/dnb-netz.de\/check-bueroarbeit\/\",\"name\":\"Herzlich willkommen zum Check \u201eGute B\u00fcroarbeit\u201c des Deutschen Netzwerk B\u00fcro e.V. - Check \u201eGute B\u00fcroarbeit\u201c\",\"isPartOf\":{\"@id\":\"https:\/\/dnb-netz.de\/check-bueroarbeit\/#website\"},\"primaryImageOfPage\":{\"@id\":\"https:\/\/dnb-netz.de\/check-bueroarbeit\/#primaryimage\"},\"image\":{\"@id\":\"https:\/\/dnb-netz.de\/check-bueroarbeit\/#primaryimage\"},\"thumbnailUrl\":\"https:\/\/dnb-netz.de\/check-bueroarbeit\/wp-content\/uploads\/2017\/10\/pfeil_ws.gif\",\"datePublished\":\"2017-10-20T08:15:33+00:00\",\"dateModified\":\"2025-03-24T15:11:00+00:00\",\"breadcrumb\":{\"@id\":\"https:\/\/dnb-netz.de\/check-bueroarbeit\/#breadcrumb\"},\"inLanguage\":\"de\",\"potentialAction\":[{\"@type\":\"ReadAction\",\"target\":[\"https:\/\/dnb-netz.de\/check-bueroarbeit\/\"]}]},{\"@type\":\"ImageObject\",\"inLanguage\":\"de\",\"@id\":\"https:\/\/dnb-netz.de\/check-bueroarbeit\/#primaryimage\",\"url\":\"https:\/\/dnb-netz.de\/check-bueroarbeit\/wp-content\/uploads\/2017\/10\/pfeil_ws.gif\",\"contentUrl\":\"https:\/\/dnb-netz.de\/check-bueroarbeit\/wp-content\/uploads\/2017\/10\/pfeil_ws.gif\",\"width\":12,\"height\":14},{\"@type\":\"BreadcrumbList\",\"@id\":\"https:\/\/dnb-netz.de\/check-bueroarbeit\/#breadcrumb\",\"itemListElement\":[{\"@type\":\"ListItem\",\"position\":1,\"name\":\"Startseite\",\"item\":\"https:\/\/dnb-netz.de\/check-bueroarbeit\/\"},{\"@type\":\"ListItem\",\"position\":2,\"name\":\"Herzlich willkommen zum Check \u201eGute B\u00fcroarbeit\u201c des Deutschen Netzwerk B\u00fcro e.V.\"}]},{\"@type\":\"WebSite\",\"@id\":\"https:\/\/dnb-netz.de\/check-bueroarbeit\/#website\",\"url\":\"https:\/\/dnb-netz.de\/check-bueroarbeit\/\",\"name\":\"Check \u201eGute B\u00fcroarbeit\u201c\",\"description\":\"Gesundheit \u2013 Leistungsf\u00e4higkeit \u2013 Wirtschaftlichkeit im B\u00fcro 4.0\",\"publisher\":{\"@id\":\"https:\/\/dnb-netz.de\/check-bueroarbeit\/#organization\"},\"potentialAction\":[{\"@type\":\"SearchAction\",\"target\":{\"@type\":\"EntryPoint\",\"urlTemplate\":\"https:\/\/dnb-netz.de\/check-bueroarbeit\/?s={search_term_string}\"},\"query-input\":{\"@type\":\"PropertyValueSpecification\",\"valueRequired\":true,\"valueName\":\"search_term_string\"}}],\"inLanguage\":\"de\"},{\"@type\":\"Organization\",\"@id\":\"https:\/\/dnb-netz.de\/check-bueroarbeit\/#organization\",\"name\":\"Deutsches Netzwerk B\u00fcro e. V.\",\"url\":\"https:\/\/dnb-netz.de\/check-bueroarbeit\/\",\"logo\":{\"@type\":\"ImageObject\",\"inLanguage\":\"de\",\"@id\":\"https:\/\/dnb-netz.de\/check-bueroarbeit\/#\/schema\/logo\/image\/\",\"url\":\"https:\/\/dnb-netz.de\/check-bueroarbeit\/wp-content\/uploads\/2017\/11\/DNB2.png\",\"contentUrl\":\"https:\/\/dnb-netz.de\/check-bueroarbeit\/wp-content\/uploads\/2017\/11\/DNB2.png\",\"width\":285,\"height\":51,\"caption\":\"Deutsches Netzwerk B\u00fcro e. V.\"},\"image\":{\"@id\":\"https:\/\/dnb-netz.de\/check-bueroarbeit\/#\/schema\/logo\/image\/\"}}]}<\/script>\n<!-- \/ Yoast SEO plugin. -->","yoast_head_json":{"title":"Herzlich willkommen zum Check \u201eGute B\u00fcroarbeit\u201c des Deutschen Netzwerk B\u00fcro e.V. - Check \u201eGute B\u00fcroarbeit\u201c","robots":{"index":"index","follow":"follow","max-snippet":"max-snippet:-1","max-image-preview":"max-image-preview:large","max-video-preview":"max-video-preview:-1"},"canonical":"https:\/\/dnb-netz.de\/check-bueroarbeit\/","og_locale":"de_DE","og_type":"article","og_title":"Herzlich willkommen zum Check \u201eGute B\u00fcroarbeit\u201c des Deutschen Netzwerk B\u00fcro e.V. - Check \u201eGute B\u00fcroarbeit\u201c","og_description":"Der Check \u201eGute B\u00fcroarbeit\u201c ist ein Selbstcheck, bei dem entsprechend der Beantwortung von Fragestellungen aus sechs unterschiedlichen Handlungsfeldern Ma\u00dfnahmen abgeleitet, priorisiert und abgearbeitet werden k\u00f6nnen. Der Check richtet sich an Sicherheitsverantwortliche, Betriebs- bzw. Personalr\u00e4te, HR-Verantwortliche, Gesch\u00e4ftsf\u00fchrer oder externe Berater. Der Check konzentriert sich auf das zentrale Thema der B\u00fcroarbeit: Wie k\u00f6nnen die Gesundheit und die &hellip; &#8222;Herzlich willkommen zum Check \u201eGute B\u00fcroarbeit\u201c des Deutschen Netzwerk B\u00fcro e.V.&#8220; weiterlesen","og_url":"https:\/\/dnb-netz.de\/check-bueroarbeit\/","og_site_name":"Check \u201eGute B\u00fcroarbeit\u201c","article_modified_time":"2025-03-24T15:11:00+00:00","og_image":[{"url":"https:\/\/dnb-netz.de\/check-bueroarbeit\/wp-content\/uploads\/2017\/10\/pfeil_ws.gif","type":"","width":"","height":""}],"twitter_card":"summary_large_image","twitter_misc":{"Gesch\u00e4tzte Lesezeit":"3\u00a0Minuten"},"schema":{"@context":"https:\/\/schema.org","@graph":[{"@type":"WebPage","@id":"https:\/\/dnb-netz.de\/check-bueroarbeit\/","url":"https:\/\/dnb-netz.de\/check-bueroarbeit\/","name":"Herzlich willkommen zum Check \u201eGute B\u00fcroarbeit\u201c des Deutschen Netzwerk B\u00fcro e.V. - Check \u201eGute B\u00fcroarbeit\u201c","isPartOf":{"@id":"https:\/\/dnb-netz.de\/check-bueroarbeit\/#website"},"primaryImageOfPage":{"@id":"https:\/\/dnb-netz.de\/check-bueroarbeit\/#primaryimage"},"image":{"@id":"https:\/\/dnb-netz.de\/check-bueroarbeit\/#primaryimage"},"thumbnailUrl":"https:\/\/dnb-netz.de\/check-bueroarbeit\/wp-content\/uploads\/2017\/10\/pfeil_ws.gif","datePublished":"2017-10-20T08:15:33+00:00","dateModified":"2025-03-24T15:11:00+00:00","breadcrumb":{"@id":"https:\/\/dnb-netz.de\/check-bueroarbeit\/#breadcrumb"},"inLanguage":"de","potentialAction":[{"@type":"ReadAction","target":["https:\/\/dnb-netz.de\/check-bueroarbeit\/"]}]},{"@type":"ImageObject","inLanguage":"de","@id":"https:\/\/dnb-netz.de\/check-bueroarbeit\/#primaryimage","url":"https:\/\/dnb-netz.de\/check-bueroarbeit\/wp-content\/uploads\/2017\/10\/pfeil_ws.gif","contentUrl":"https:\/\/dnb-netz.de\/check-bueroarbeit\/wp-content\/uploads\/2017\/10\/pfeil_ws.gif","width":12,"height":14},{"@type":"BreadcrumbList","@id":"https:\/\/dnb-netz.de\/check-bueroarbeit\/#breadcrumb","itemListElement":[{"@type":"ListItem","position":1,"name":"Startseite","item":"https:\/\/dnb-netz.de\/check-bueroarbeit\/"},{"@type":"ListItem","position":2,"name":"Herzlich willkommen zum Check \u201eGute B\u00fcroarbeit\u201c des Deutschen Netzwerk B\u00fcro e.V."}]},{"@type":"WebSite","@id":"https:\/\/dnb-netz.de\/check-bueroarbeit\/#website","url":"https:\/\/dnb-netz.de\/check-bueroarbeit\/","name":"Check \u201eGute B\u00fcroarbeit\u201c","description":"Gesundheit \u2013 Leistungsf\u00e4higkeit \u2013 Wirtschaftlichkeit im B\u00fcro 4.0","publisher":{"@id":"https:\/\/dnb-netz.de\/check-bueroarbeit\/#organization"},"potentialAction":[{"@type":"SearchAction","target":{"@type":"EntryPoint","urlTemplate":"https:\/\/dnb-netz.de\/check-bueroarbeit\/?s={search_term_string}"},"query-input":{"@type":"PropertyValueSpecification","valueRequired":true,"valueName":"search_term_string"}}],"inLanguage":"de"},{"@type":"Organization","@id":"https:\/\/dnb-netz.de\/check-bueroarbeit\/#organization","name":"Deutsches Netzwerk B\u00fcro e. V.","url":"https:\/\/dnb-netz.de\/check-bueroarbeit\/","logo":{"@type":"ImageObject","inLanguage":"de","@id":"https:\/\/dnb-netz.de\/check-bueroarbeit\/#\/schema\/logo\/image\/","url":"https:\/\/dnb-netz.de\/check-bueroarbeit\/wp-content\/uploads\/2017\/11\/DNB2.png","contentUrl":"https:\/\/dnb-netz.de\/check-bueroarbeit\/wp-content\/uploads\/2017\/11\/DNB2.png","width":285,"height":51,"caption":"Deutsches Netzwerk B\u00fcro e. V."},"image":{"@id":"https:\/\/dnb-netz.de\/check-bueroarbeit\/#\/schema\/logo\/image\/"}}]}},"_links":{"self":[{"href":"https:\/\/dnb-netz.de\/check-bueroarbeit\/wp-json\/wp\/v2\/pages\/2","targetHints":{"allow":["GET"]}}],"collection":[{"href":"https:\/\/dnb-netz.de\/check-bueroarbeit\/wp-json\/wp\/v2\/pages"}],"about":[{"href":"https:\/\/dnb-netz.de\/check-bueroarbeit\/wp-json\/wp\/v2\/types\/page"}],"author":[{"embeddable":true,"href":"https:\/\/dnb-netz.de\/check-bueroarbeit\/wp-json\/wp\/v2\/users\/1"}],"replies":[{"embeddable":true,"href":"https:\/\/dnb-netz.de\/check-bueroarbeit\/wp-json\/wp\/v2\/comments?post=2"}],"version-history":[{"count":75,"href":"https:\/\/dnb-netz.de\/check-bueroarbeit\/wp-json\/wp\/v2\/pages\/2\/revisions"}],"predecessor-version":[{"id":1738,"href":"https:\/\/dnb-netz.de\/check-bueroarbeit\/wp-json\/wp\/v2\/pages\/2\/revisions\/1738"}],"wp:attachment":[{"href":"https:\/\/dnb-netz.de\/check-bueroarbeit\/wp-json\/wp\/v2\/media?parent=2"}],"wp:term":[{"taxonomy":"post_tag","embeddable":true,"href":"https:\/\/dnb-netz.de\/check-bueroarbeit\/wp-json\/wp\/v2\/tags?post=2"}],"curies":[{"name":"wp","href":"https:\/\/api.w.org\/{rel}","templated":true}]}}